{"id":42,"date":"2013-10-11T19:16:29","date_gmt":"2013-10-11T17:16:29","guid":{"rendered":"http:\/\/www.veriteliapdsi.sk\/?page_id=42"},"modified":"2020-01-20T14:44:22","modified_gmt":"2020-01-20T12:44:22","slug":"kontaktne-informacie","status":"publish","type":"page","link":"https:\/\/www.veriteliapdsi.sk\/?page_id=42","title":{"rendered":"Kontakt"},"content":{"rendered":"<div class=\"textwidget\"><b>Veritelia dru\u017estva &#8211; ob\u010dianske zdru\u017eenie<\/b><br \/>Majakovsk\u00e9ho 2769\/35,<br \/>90201 Pezinok, SR<\/div>\n<div class=\"textwidget\">ICO: 51 292 297<\/div>\n<div class=\"textwidget\">\u0160tatut\u00e1rny org\u00e1n : Ing. Du\u0161an Sta\u0148\u00e1k<br \/>Bankov\u00e9 spojenie IBAN: SK56 0900 0000 0051 4237 2224<br \/>pdsiveritelia@gmail.com<\/div>\n<div>\u00a0<\/div>\n<div class=\"textwidget\"><strong>V pr\u00edpade z\u00e1ujmu o aktu\u00e1lne inform\u00e1cie , pros\u00edm kontaktujte :<\/strong><\/div>\n<div class=\"textwidget\">\n<p>\u00a0<\/p>\n<p>JUDr.RNDr. Silvia Prachov\u00e1\u00a0\u00a0\u00a0 &#8211;\u00a0 spr\u00e1vca konk. podstaty\u00a0 \u00fapadcu PDSI<\/p>\n<p>email :prachova@prachova.sk<\/p>\n<p>tel.: 0908 112 512<\/p>\n<\/div>\n\n\n<p><\/p>\n","protected":false},"excerpt":{"rendered":"<p>Veritelia dru\u017estva &#8211; ob\u010dianske zdru\u017eenieMajakovsk\u00e9ho 2769\/35,90201 Pezinok, SR ICO: 51 292 297 \u0160tatut\u00e1rny org\u00e1n : Ing. Du\u0161an Sta\u0148\u00e1kBankov\u00e9 spojenie IBAN: SK56 0900 0000 0051 4237 2224pdsiveritelia@gmail.com \u00a0 V pr\u00edpade z\u00e1ujmu o aktu\u00e1lne inform\u00e1cie , pros\u00edm kontaktujte : \u00a0 JUDr.RNDr. Silvia &hellip; <a href=\"https:\/\/www.veriteliapdsi.sk\/?page_id=42\">Pokra\u010dova\u0165 v \u010d\u00edtan\u00ed <span class=\"meta-nav\">&rarr;<\/span><\/a><\/p>\n","protected":false},"author":1,"featured_media":0,"parent":0,"menu_order":0,"comment_status":"closed","ping_status":"open","template":"","meta":{"footnotes":""},"class_list":["post-42","page","type-page","status-publish","hentry"],"_links":{"self":[{"href":"https:\/\/www.veriteliapdsi.sk\/index.php?rest_route=\/wp\/v2\/pages\/42","targetHints":{"allow":["GET"]}}],"collection":[{"href":"https:\/\/www.veriteliapdsi.sk\/index.php?rest_route=\/wp\/v2\/pages"}],"about":[{"href":"https:\/\/www.veriteliapdsi.sk\/index.php?rest_route=\/wp\/v2\/types\/page"}],"author":[{"embeddable":true,"href":"https:\/\/www.veriteliapdsi.sk\/index.php?rest_route=\/wp\/v2\/users\/1"}],"replies":[{"embeddable":true,"href":"https:\/\/www.veriteliapdsi.sk\/index.php?rest_route=%2Fwp%2Fv2%2Fcomments&post=42"}],"version-history":[{"count":18,"href":"https:\/\/www.veriteliapdsi.sk\/index.php?rest_route=\/wp\/v2\/pages\/42\/revisions"}],"predecessor-version":[{"id":346,"href":"https:\/\/www.veriteliapdsi.sk\/index.php?rest_route=\/wp\/v2\/pages\/42\/revisions\/346"}],"wp:attachment":[{"href":"https:\/\/www.veriteliapdsi.sk\/index.php?rest_route=%2Fwp%2Fv2%2Fmedia&parent=42"}],"curies":[{"name":"wp","href":"https:\/\/api.w.org\/{rel}","templated":true}]}}