{"id":361,"date":"2020-01-28T13:33:36","date_gmt":"2020-01-28T11:33:36","guid":{"rendered":"http:\/\/www.veriteliapdsi.sk\/?page_id=361"},"modified":"2020-01-28T14:30:09","modified_gmt":"2020-01-28T12:30:09","slug":"darujte-2","status":"publish","type":"page","link":"https:\/\/www.veriteliapdsi.sk\/?page_id=361","title":{"rendered":"Darujte 2% z Va\u0161ej dane"},"content":{"rendered":"\n<p><strong>\u010cinnos\u0165 zdru\u017eenia je zatia\u013e financovan\u00e1 z\u00a0prostriedkov aktivistov<\/strong>, av\u0161ak zdru\u017eenie splnilo vyhl\u00e1senie o splnen\u00ed podmienok pre z\u00e1pis do registra ur\u010den\u00fdch pr\u00e1vnick\u00fdch os\u00f4b opr\u00e1vnen\u00fdch prij\u00edma\u0165 <strong>2% zaplatenej dane<\/strong>. \u00a0<a href=\"http:\/\/www.veriteliapdsi.sk\/wp-content\/uploads\/OSVED%C4%8CENIE-vyhl%C3%A1senie-o-splnen%C3%AD-podmienok-pre-z%C3%A1pis-do-registra-ur%C4%8Den%C3%BDch-pr%C3%A1vnick%C3%BDch-os%C3%B4b.pdf\">\u2013 potvrdenie n\u00e1jdete po kliknut\u00ed \u00a0tu<\/a> , alebo na webe v \u010dasti dokumenty.<\/p>\n\n\n\n<p style=\"text-align:center\"><strong><a href=\"https:\/\/www.financnasprava.sk\/_img\/pfsedit\/Dokumenty_PFS\/Pre_media\/Tlacove_spravy\/Rok_2019\/2019.02.14_TS_dve_percenta.pdf\">Ako pouk\u00e1za\u0165  2% zo zaplatenej dane &#8211; info &#8211; n\u00e1vod  <\/a><\/strong><\/p>\n\n\n\n<p>Prostriedky zdru\u017eenia sa\nm\u00f4\u017eu &nbsp;<strong>pou\u017ei\u0165 v\u00fdlu\u010dne na \u010dinnos\u0165\nspej\u00facu k&nbsp;prinavr\u00e1teniu vkladov \u010dlenov a&nbsp;verite\u013eov PDSI a na pr\u00e1vne\nslu\u017eby. Pou\u017eitie prostriedkov bude zverejnen\u00e9 na webe.<\/strong> Ak m\u00e1te z\u00e1ujem\nzmysluplne podarova\u0165 svoje 2%, pros\u00edm nap\u00ed\u0161te n\u00e1m a&nbsp;po\u0161leme V\u00e1m tla\u010divo na\nvyplnenie v&nbsp;aktu\u00e1lnom \u010dase. Budeme v\u010fa\u010dn\u00ed ak&nbsp;po\u017eiadate svojich\nbl\u00edzkych, alebo rodinn\u00fdch pr\u00edslu\u0161n\u00edkov, aby venovali svoje 2% a&nbsp;pomohli\nV\u00e1m zapoji\u0165 sa k&nbsp;boju za spravodlivos\u0165.<\/p>\n","protected":false},"excerpt":{"rendered":"<p>\u010cinnos\u0165 zdru\u017eenia je zatia\u013e financovan\u00e1 z\u00a0prostriedkov aktivistov, av\u0161ak zdru\u017eenie splnilo vyhl\u00e1senie o splnen\u00ed podmienok pre z\u00e1pis do registra ur\u010den\u00fdch pr\u00e1vnick\u00fdch os\u00f4b opr\u00e1vnen\u00fdch prij\u00edma\u0165 2% zaplatenej dane. \u00a0\u2013 potvrdenie n\u00e1jdete po kliknut\u00ed \u00a0tu , alebo na webe v \u010dasti dokumenty. Ako &hellip; <a href=\"https:\/\/www.veriteliapdsi.sk\/?page_id=361\">Pokra\u010dova\u0165 v \u010d\u00edtan\u00ed <span class=\"meta-nav\">&rarr;<\/span><\/a><\/p>\n","protected":false},"author":1,"featured_media":0,"parent":0,"menu_order":0,"comment_status":"closed","ping_status":"closed","template":"","meta":{"footnotes":""},"class_list":["post-361","page","type-page","status-publish","hentry"],"_links":{"self":[{"href":"https:\/\/www.veriteliapdsi.sk\/index.php?rest_route=\/wp\/v2\/pages\/361","targetHints":{"allow":["GET"]}}],"collection":[{"href":"https:\/\/www.veriteliapdsi.sk\/index.php?rest_route=\/wp\/v2\/pages"}],"about":[{"href":"https:\/\/www.veriteliapdsi.sk\/index.php?rest_route=\/wp\/v2\/types\/page"}],"author":[{"embeddable":true,"href":"https:\/\/www.veriteliapdsi.sk\/index.php?rest_route=\/wp\/v2\/users\/1"}],"replies":[{"embeddable":true,"href":"https:\/\/www.veriteliapdsi.sk\/index.php?rest_route=%2Fwp%2Fv2%2Fcomments&post=361"}],"version-history":[{"count":13,"href":"https:\/\/www.veriteliapdsi.sk\/index.php?rest_route=\/wp\/v2\/pages\/361\/revisions"}],"predecessor-version":[{"id":379,"href":"https:\/\/www.veriteliapdsi.sk\/index.php?rest_route=\/wp\/v2\/pages\/361\/revisions\/379"}],"wp:attachment":[{"href":"https:\/\/www.veriteliapdsi.sk\/index.php?rest_route=%2Fwp%2Fv2%2Fmedia&parent=361"}],"curies":[{"name":"wp","href":"https:\/\/api.w.org\/{rel}","templated":true}]}}