{"id":183,"date":"2014-03-07T11:39:28","date_gmt":"2014-03-07T09:39:28","guid":{"rendered":"http:\/\/www.veriteliapdsi.sk\/?page_id=183"},"modified":"2014-03-07T11:49:57","modified_gmt":"2014-03-07T09:49:57","slug":"dokumenty-capital-invest","status":"publish","type":"page","link":"https:\/\/www.veriteliapdsi.sk\/?page_id=183","title":{"rendered":"Dokumenty &#8211; CAPITAL INVEST"},"content":{"rendered":"<ul>\n<li><a href=\"\/wp-content\/uploads\/1-12.44.pdf\">1-12.44.pdf ( 4,3M )<\/a><\/li>\n<li><a href=\"\/wp-content\/uploads\/1-7. 14.pdf\">1-7. 14.pdf ( 2,6M )<\/a><\/li>\n<li><a href=\"\/wp-content\/uploads\/13-22.44.pdf\">13-22.44.pdf ( 4,0M )<\/a><\/li>\n<li><a href=\"\/wp-content\/uploads\/16-20.pdf\">16-20.pdf ( 992K )<\/a><\/li>\n<li><a href=\"\/wp-content\/uploads\/21-25.pdf\">21-25.pdf ( 1,6M )<\/a><\/li>\n<li><a href=\"\/wp-content\/uploads\/23-34.44.pdf\">23-34.44.pdf ( 4,4M )<\/a><\/li>\n<li><a href=\"\/wp-content\/uploads\/26-30.pdf\">26-30.pdf ( 1,7M )<\/a><\/li>\n<li><a href=\"\/wp-content\/uploads\/31-35.pdf\">31-35.pdf ( 1,3M )<\/a><\/li>\n<li><a href=\"\/wp-content\/uploads\/34-44.44.pdf\">34-44.44.pdf ( 4,4M )<\/a><\/li>\n<li><a href=\"\/wp-content\/uploads\/36-40.pdf\">36-40.pdf ( 1,6M )<\/a><\/li>\n<li><a href=\"\/wp-content\/uploads\/41-45.pdf\">41-45.pdf ( 1,4M )<\/a><\/li>\n<li><a href=\"\/wp-content\/uploads\/8-14.14.pdf\">8-14.14.pdf ( 3,8M )<\/a><\/li>\n<li><a href=\"\/wp-content\/uploads\/PDSI-Zmluva_portfolio-2002-c.3.pdf\">PDSI-Zmluva_portfolio-2002-c.3.pdf ( 4,0M )<\/a><\/li>\n<li><a href=\"\/wp-content\/uploads\/prospekt-investicie-1-10.22.pdf\">prospekt investicie 1-10.22.pdf ( 1,5M )<\/a><\/li>\n<li><a href=\"\/wp-content\/uploads\/prospekt-investicie-11-22.22.pdf\">prospekt investicie 11-22.22.pdf ( 1,9M )<\/a><\/li>\n<li><a href=\"\/wp-content\/uploads\/scan_20131126144924.pdf\">scan_20131126144924.pdf ( 5,0M )<\/a><\/li>\n<li><a href=\"\/wp-content\/uploads\/scan_20131126145143.pdf\">scan_20131126145143.pdf ( 1,1M )<\/a><\/li>\n<li><a href=\"\/wp-content\/uploads\/scan_20131126153028.pdf\">scan_20131126153028.pdf ( 357K )<\/a><\/li>\n<li><a href=\"\/wp-content\/uploads\/scan_20131126153112.pdf\">scan_20131126153112.pdf ( 293K )<\/a><\/li>\n<li><a href=\"\/wp-content\/uploads\/scan_20131126153245.pdf\">scan_20131126153245.pdf ( 3,2M )<\/a><\/li>\n<li><a href=\"\/wp-content\/uploads\/scan_20131126153841.pdf\">scan_20131126153841.pdf ( 2,1M )<\/a><\/li>\n<li><a href=\"\/wp-content\/uploads\/scan_20131126154159.pdf\">scan_20131126154159.pdf ( 3,4M )<\/a><\/li>\n<li><a href=\"\/wp-content\/uploads\/scan-_20131126151322.pdf\">scan-_20131126151322.pdf ( 164K )<\/a><\/li>\n<li><a href=\"\/wp-content\/uploads\/scan-_20131126151553.pdf\">scan-_20131126151553.pdf ( 3,0M )<\/a><\/li>\n<li><a href=\"\/wp-content\/uploads\/scan-_20131126152150.pdf\">scan-_20131126152150.pdf ( 3,5M )<\/a><\/li>\n<\/ul>\n","protected":false},"excerpt":{"rendered":"<p>1-12.44.pdf ( 4,3M ) 1-7. 14.pdf ( 2,6M ) 13-22.44.pdf ( 4,0M ) 16-20.pdf ( 992K ) 21-25.pdf ( 1,6M ) 23-34.44.pdf ( 4,4M ) 26-30.pdf ( 1,7M ) 31-35.pdf ( 1,3M ) 34-44.44.pdf ( 4,4M ) 36-40.pdf ( 1,6M &hellip; <a href=\"https:\/\/www.veriteliapdsi.sk\/?page_id=183\">Pokra\u010dova\u0165 v \u010d\u00edtan\u00ed <span class=\"meta-nav\">&rarr;<\/span><\/a><\/p>\n","protected":false},"author":1,"featured_media":0,"parent":22,"menu_order":0,"comment_status":"open","ping_status":"open","template":"","meta":{"footnotes":""},"class_list":["post-183","page","type-page","status-publish","hentry"],"_links":{"self":[{"href":"https:\/\/www.veriteliapdsi.sk\/index.php?rest_route=\/wp\/v2\/pages\/183","targetHints":{"allow":["GET"]}}],"collection":[{"href":"https:\/\/www.veriteliapdsi.sk\/index.php?rest_route=\/wp\/v2\/pages"}],"about":[{"href":"https:\/\/www.veriteliapdsi.sk\/index.php?rest_route=\/wp\/v2\/types\/page"}],"author":[{"embeddable":true,"href":"https:\/\/www.veriteliapdsi.sk\/index.php?rest_route=\/wp\/v2\/users\/1"}],"replies":[{"embeddable":true,"href":"https:\/\/www.veriteliapdsi.sk\/index.php?rest_route=%2Fwp%2Fv2%2Fcomments&post=183"}],"version-history":[{"count":3,"href":"https:\/\/www.veriteliapdsi.sk\/index.php?rest_route=\/wp\/v2\/pages\/183\/revisions"}],"predecessor-version":[{"id":189,"href":"https:\/\/www.veriteliapdsi.sk\/index.php?rest_route=\/wp\/v2\/pages\/183\/revisions\/189"}],"up":[{"embeddable":true,"href":"https:\/\/www.veriteliapdsi.sk\/index.php?rest_route=\/wp\/v2\/pages\/22"}],"wp:attachment":[{"href":"https:\/\/www.veriteliapdsi.sk\/index.php?rest_route=%2Fwp%2Fv2%2Fmedia&parent=183"}],"curies":[{"name":"wp","href":"https:\/\/api.w.org\/{rel}","templated":true}]}}